{"id":1964,"date":"2010-01-01T08:00:54","date_gmt":"2010-01-01T07:00:54","guid":{"rendered":"http:\/\/monempresarial.com\/?page_id=1964"},"modified":"2016-01-11T19:29:21","modified_gmt":"2016-01-11T18:29:21","slug":"info-cookies","status":"publish","type":"page","link":"https:\/\/www.monempresarial.com\/ca\/info-cookies\/","title":{"rendered":"M\u00e9s informaci\u00f3 sobre les cookies"},"content":{"rendered":"<h2>Qu\u00e8 es una cookie?<\/h2>\n<p>\n\tUna <em>cookie<\/em> \u00e9s un fitxer de text <b>inofensiu<\/b> que s&#8217;emmagatzema en el seu navegador quan visita gaireb\u00e9 qualsevol p\u00e0gina web. La utilitat de la <em>cookie<\/em> \u00e9s que el web sigui capa\u00e7 de recordar la seva visita quan torni a navegar per aquesta p\u00e0gina. Encara que molta gent no ho sap les <em>cookies<\/em> s\u2019utilitzen des de fa 20 anys, quan van apar\u00e8ixer els primers navegadors per a la World Wide Web.\n<\/p>\n<h2>Qu\u00e9 NO \u00c9S una cookie?<\/h2>\n<p>\n\tNo \u00e9s un virus, ni un troi\u00e0, ni un cuc, ni <em>spam<\/em>, ni <em>spyware<\/em>, ni obre finestres <em>pop-up<\/em>.\n<\/p>\n<h2>Quina informaci\u00f3 emmagatzema una <em>cookie<\/em>?<\/h2>\n<p>\n\tLes <em>cookies<\/em> no solen emmagatzemar informaci\u00f3 sensible sobre vost\u00e8, com targetes de cr\u00e8dit o dades banc\u00e0ries, fotografies, el seu DNI o informaci\u00f3 personal, etc. Les dades que guarden s\u00f3n de car\u00e0cter t\u00e8cnic, prefer\u00e8ncies personals, personalitzaci\u00f3 de continguts, etc.\n<\/p>\n<p>\n\tEl servidor web no l\u2019associa a vost\u00e8 com a persona sin\u00f3 al seu navegador web. De fet, si vost\u00e8 navega habitualment amb Internet Explorer i prova a navegar per la mateixa web amb Firefox o Chrome veur\u00e0 que el web no s&#8217;adona que \u00e9s vost\u00e8 la mateixa persona perqu\u00e8 en realitat est\u00e0 associant al navegador, no a la persona.\n<\/p>\n<h2>Quin tipus de <em>cookies<\/em> hi ha?<\/h2>\n<ul>\n<li><em>Cookies<\/em> t\u00e8cniques: S\u00f3n les m\u00e9s elementals i permeten, entre altres coses, saber quan est\u00e0 navegant un hum\u00e0 o una aplicaci\u00f3 automatitzada, quan navega un usuari an\u00f2nim i un registrat, tasques b\u00e0siques per al funcionament de qualsevol web din\u00e0mica.<\/li>\n<li><em>Cookies<\/em> d&#8217;an\u00e0lisi: Recullen informaci\u00f3 sobre el tipus de navegaci\u00f3 que est\u00e0 realitzant, les seccions que m\u00e9s utilitza, productes consultats, franja hor\u00e0ria d&#8217;\u00fas, idioma, etc.<\/li>\n<li><em>Cookies<\/em> publicit\u00e0ries: Mostren publicitat en funci\u00f3 de la seva navegaci\u00f3, el seu pa\u00eds de proced\u00e8ncia, idioma, etc.<\/li>\n<\/ul>\n<h2>Qu\u00e8 s\u00f3n les <em>cookies<\/em> pr\u00f2pies i les de tercers?<\/h2>\n<p>\n\tLes <em>cookies pr\u00f2pies<\/em> pr\u00f2pies s\u00f3n les generades per la p\u00e0gina que est\u00e0 visitant i les de tercers s\u00f3n les generades per serveis o prove\u00efdors externs com Facebook, Twitter, Google, etc.\n<\/p>\n<h2>Qu\u00e8 passa si desactivo les <em>cookies<\/em>?<\/h2>\n<p>\n\tPerqu\u00e8 entengui l&#8217;abast que pot tenir desactivar les <em>cookies<\/em> li mostrem uns exemples:<\/p>\n<ul>\n<li>No podr\u00e0 compartir continguts d&#8217;aquesta web a Facebook, Twitter o qualsevol altra xarxa social.<\/li>\n<li>El lloc web no podr\u00e0 adaptar els continguts a les seves prefer\u00e8ncies personals, com sol passar en les botigues online.<\/li>\n<li>No podr\u00e0 accedir a l&#8217;\u00e0rea personal d&#8217;aquesta web, com per exemple <em>El meu compte<\/em>, o <em>El meu perfil<\/em> o <em>Les meves comandes<\/em>.<\/li>\n<li>Botigues online: Li ser\u00e0 impossible realitzar compres online, hauran de ser telef\u00f2niques o visitant la botiga f\u00edsica si \u00e9s que disposa d&#8217;ella.<\/li>\n<li>No ser\u00e0 possible personalitzar les seves prefer\u00e8ncies geogr\u00e0fiques com franja hor\u00e0ria, divisa o idioma.<\/li>\n<li>El lloc web no podr\u00e0 realitzar anal\u00edtiques web sobre visitants i tr\u00e0nsit a la web, el que dificultar\u00e0 que el web sigui competitiu.<\/li>\n<li>No podr\u00e0 escriure al bloc, no podr\u00e0 pujar fotos, publicar comentaris, valorar o puntuar continguts. El web tampoc podr\u00e0 saber si vost\u00e8 \u00e9s un hum\u00e0 o una aplicaci\u00f3 automatitzada que publica <em>spam<\/em>.<\/li>\n<li>No es podr\u00e0 mostrar publicitat sectoritzada, el que reduir\u00e0 els ingressos publicitaris del web.<\/li>\n<li>Totes les xarxes socials fan servir <em>cookies<\/em>, si les desactiva no podr\u00e0 utilitzar cap xarxa social.<\/li>\n<\/ul>\n<h2>Es poden eliminar les <em>cookies<\/em>?<\/h2>\n<p>\n\tS\u00ed. No nom\u00e9s eliminar, tamb\u00e9 bloquejar, de forma general o particular per a un domini espec\u00edfic.\n<\/p>\n<p>\n\tPer eliminar les <em>cookies<\/em> d&#8217;un lloc web ha d&#8217;anar a la configuraci\u00f3 del seu navegador i all\u00e0 podr\u00e0 buscar les associades al domini en q\u00fcesti\u00f3 i procedir a la seva eliminaci\u00f3.\n<\/p>\n<h2 id=\"navegadors\">Configuraci\u00f3 de <em>cookies<\/em> per als navegadors m\u00e9s populars<\/h2>\n<p>\n\tA continuaci\u00f3 li expliquem com accedir a una <em>cookie<\/em> determinada del navegador <b>Chrome<\/b>. Nota: aquests passos poden variar en funci\u00f3 de la versi\u00f3 del navegador:<\/p>\n<ol>\n<li>Vagi a Configuraci\u00f3 o Prefer\u00e8ncies mitjan\u00e7ant el men\u00fa Fitxer o b\u00e9 clicant la icona de personalitzaci\u00f3 que apareix a dalt a la dreta.<\/li>\n<li>Veur\u00e0 diferents seccions, cliqui l&#8217;opci\u00f3 <em>Mostra opcions avan\u00e7ades<\/em>.<\/li>\n<li>Vagi a <em>Privacitat<\/em>, <em>Configuraci\u00f3 de contingut<\/em>.<\/li>\n<li>Seleccioni <em>Totes les cookies y datos de sitios<\/em>.<\/li>\n<li>Apareixer\u00e0 un llistat amb totes les <em>cookies<\/em> ordenades per domini. Perqu\u00e8 li sigui m\u00e9s f\u00e0cil trobar les <em>cookies<\/em> d&#8217;un determinat domini introdueixi parcialment o totalment la direcci\u00f3 al camp <em>Cerca cookies<\/em>.<\/li>\n<li>Despr\u00e9s de realitzar aquest filtre apareixeran en pantalla una o diverses l\u00ednies amb les <em>cookies<\/em> del web sol\u00b7licitat. Ara nom\u00e9s ha de seleccionar-la i pr\u00e9mer la <em>X<\/em> per procedir a la seva eliminaci\u00f3.<\/li>\n<\/ol>\n<p>\n\tPer accedir a la configuraci\u00f3 de <em>cookies<\/em> del navegador <b>Internet Explorer<\/b> faci el seg\u00fcent (poden variar en funci\u00f3 de la versi\u00f3 del navegador):<\/p>\n<ol>\n<li>Vagi a <em>Eines<\/em>, <em>Opcions d&#8217;Internet<\/em><\/li>\n<li>Faci click a <em>Privacitat<\/em>.<\/li>\n<li>Mogui el control lliscant fins a ajustar el nivell de privacitat que desitgi.<\/li>\n<\/ol>\n<p>\n\tPer accedir a la configuraci\u00f3 de <em>cookies<\/em> del navegador <b>Firefox<\/b> faci el seg\u00fcent (poden variar en funci\u00f3 de la versi\u00f3 del navegador):<\/p>\n<ol>\n<li>Vagi a <em>Opcions<\/em> o <em>Prefer\u00e8ncies<\/em> segons el seu sistema operatiu.<\/li>\n<li>Faci click a <em>Privacitat<\/em>.<\/li>\n<li>A <em>Historial<\/em> tri\u00ef <em>Utilitzar una configuraci\u00f3 personalitzada per a l&#8217;historial<\/em>.<\/li>\n<li>Ara veur\u00e0 l&#8217;opci\u00f3 <em>Accepta cookies<\/em>, pot activar-la o desactivar-la segons les seves prefer\u00e8ncies.<\/li>\n<\/ol>\n<p>\n\tPer accedir a la configuraci\u00f3 de <em>cookies<\/em> del navegador <b>Safari per OSX<\/b> faci el seg\u00fcent (poden variar en funci\u00f3 de la versi\u00f3 del navegador):<\/p>\n<ol>\n<li>Vagi a <em>Prefer\u00e8ncies<\/em>, despr\u00e9s <em>Privacitat<\/em>.<\/li>\n<li>En aquest lloc veur\u00e0 l&#8217;opci\u00f3 <em>Bloquejar cookies<\/em> per ajustar el tipus de bloqueig que desitja realitzar.<\/li>\n<\/ol>\n<p>\n\tPer accedir a la configuraci\u00f3 de <em>cookies<\/em> del navegador <b>Safari per iOS<\/b> faci el seg\u00fcent (poden variar en funci\u00f3 de la versi\u00f3 del navegador):<\/p>\n<ol>\n<li>Vagi a <em>Ajustaments<\/em>, despr\u00e9s <em>Safari<\/em>.<\/li>\n<li>Vagi a <em>Privacitat i Seguretat<\/em>, veur\u00e0 l&#8217;opci\u00f3 <em>Bloquejar cookies<\/em> per ajustar el tipus de bloqueig que desitja realitzar.<\/li>\n<\/ol>\n<p>\n\tPer accedir a la configuraci\u00f3 de <em>cookies<\/em> del navegador per a dispositius <b>Android<\/b> segueixi els seg\u00fcents passos (poden variar en funci\u00f3 de la versi\u00f3 del navegador):<\/p>\n<ol>\n<li>Executi el navegador i premi la tecla <em>Men\u00fa<\/em>, despr\u00e9s <em>Configuraci\u00f3<\/em>.<\/li>\n<li>Vagi a <em>Seguretat i Privacitat<\/em>, veur\u00e0 l&#8217;opci\u00f3 <em>Accepta cookies<\/em> per activar o desactivar la casella.<\/li>\n<\/ol>\n<p>\n\tPer accedir a la configuraci\u00f3 de <em>cookies<\/em> del navegador per a dispositius <b>Windows Phone<\/b> faci el seg\u00fcent (poden variar en funci\u00f3 de la versi\u00f3 del navegador):<\/p>\n<ol>\n<li>Obri <em>Internet Explorer<\/em>, despr\u00e9s <em>M\u00e9s<\/em>, despr\u00e9s <em>Configuraci\u00f3<\/em><\/li>\n<li>Ara pot activar o desactivar la casella <em>Permetre cookies<\/em>.<\/li>\n<\/ol>\n","protected":false},"excerpt":{"rendered":"<p>Qu\u00e8 es una cookie? Una cookie \u00e9s un fitxer de text inofensiu que s&#8217;emmagatzema en el seu navegador quan visita gaireb\u00e9 qualsevol p\u00e0gina web. La utilitat de la cookie \u00e9s que el web sigui capa\u00e7 de recordar la seva visita quan torni a navegar per aquesta p\u00e0gina. Encara que molta gent no ho sap les [&hellip;]<\/p>\n","protected":false},"author":1,"featured_media":0,"parent":0,"menu_order":0,"comment_status":"closed","ping_status":"open","template":"","meta":{"_mi_skip_tracking":false,"jnews_page_loop":[],"jnews_single_page":[]},"_links":{"self":[{"href":"https:\/\/www.monempresarial.com\/ca\/wp-json\/wp\/v2\/pages\/1964"}],"collection":[{"href":"https:\/\/www.monempresarial.com\/ca\/wp-json\/wp\/v2\/pages"}],"about":[{"href":"https:\/\/www.monempresarial.com\/ca\/wp-json\/wp\/v2\/types\/page"}],"author":[{"embeddable":true,"href":"https:\/\/www.monempresarial.com\/ca\/wp-json\/wp\/v2\/users\/1"}],"replies":[{"embeddable":true,"href":"https:\/\/www.monempresarial.com\/ca\/wp-json\/wp\/v2\/comments?post=1964"}],"version-history":[{"count":0,"href":"https:\/\/www.monempresarial.com\/ca\/wp-json\/wp\/v2\/pages\/1964\/revisions"}],"wp:attachment":[{"href":"https:\/\/www.monempresarial.com\/ca\/wp-json\/wp\/v2\/media?parent=1964"}],"curies":[{"name":"wp","href":"https:\/\/api.w.org\/{rel}","templated":true}]}}