{"id":8481,"date":"2016-01-11T19:41:31","date_gmt":"2016-01-11T18:41:31","guid":{"rendered":"http:\/\/monempresarial.com\/?page_id=8481"},"modified":"2016-01-11T20:37:14","modified_gmt":"2016-01-11T19:37:14","slug":"avis-legal","status":"publish","type":"page","link":"https:\/\/www.monempresarial.com\/ca\/avis-legal\/","title":{"rendered":"Av\u00eds legal"},"content":{"rendered":"<h2>Av\u00eds Legal<\/h2>\n<p>En compliment d &#8216;all\u00f2 que es disposa a l&#8217;article 5 de la Llei Org\u00e0nica 15\/1999, de 13 de desembre, de Protecci\u00f3 de Dades de Car\u00e0cter Personal (LOPD), l&#8217;informem que les dades de car\u00e0cter personal que ens proporcioni omplint el formulari de registre electr\u00f2nic que apareix en aquesta p\u00e0gina es recolliran en sengles fitxers responsabilitat:<\/p>\n<p style=\"text-align: center; font-weight: bold; font-size:120%;\"><span>INFOM KIT LPS S.L.<\/span><\/p>\n<p><\/p>\n<p>En virtut del que disposa l&#8217;article 15 i seg\u00fcents de la Llei 15\/1999, de 13 de desembre, de Protecci\u00f3 de Dades de Car\u00e0cter Personal i en els termes que indica el seu Reglament de desenvolupament aprovat pel Reial Decret 1720\/2007, del 21 de desembre, en qualsevol moment el titular de les dades personals podr\u00e0 exercir els drets d&#8217;acc\u00e9s acc\u00e9s, rectificaci\u00f3, cancel\u00b7laci\u00f3 i Oposici\u00f3, dirigint-se per escrit a:<\/p>\n<p><\/p>\n<p style=\"text-align: center; font-style: italic;\"><span style=\"font-weight: bold; font-size:120%;\">INFOM KIT LPS S.L. (KOMUNICA KIT)<\/span><br \/>\n\t<span style=\"font-size:120%;\">C\/. Tuset 19, 1&ordm; 2&ordf;<\/span><br \/>\n\t<span style=\"font-size:120%;\">08006-Barcelona<\/span><\/p>\n<p><\/p>\n<p>o mitjan\u00e7ant correu electr\u00f2nic a l\u2019adre\u00e7a <a style=\"font-size:120%; font-weight: bold;\" href=\"mailto:monempresarial@monempresarial.com\">monempresarial@monempresarial.com<\/a> indicant a l&#8217;assumpte la llegenda <span style=\"font-weight: bold;\">\u201cPROTECCI\u00d3 DE DADES\u201d<\/span>.<\/p>\n<p><\/p>\n<p>El fet que no introdueixi les dades de car\u00e0cter personal que apareixen al formulari d&#8217;inscripci\u00f3 com a obligatoris podr\u00e0 tenir com a conseq\u00fc\u00e8ncia que no puguem atendre la teva sol\u00b7licitud. Li preguem que comuniqui immediatament a\u00a0<span style=\"font-weight: bold; font-style: italic;\">INFOM KIT LPS S.L.<\/span>\u00a0qualsevol modificaci\u00f3 de les seves dades de car\u00e0cter personal perqu\u00e8 la informaci\u00f3 que contenen els nostres fitxers estigui sempre actualitzada i no contingui errors. Aix\u00ed mateix, amb l&#8217;acceptaci\u00f3 d&#8217;aquest av\u00eds legal, reconeix que la informaci\u00f3 i les dades personals recollides s\u00f3n exactes i veraces. LLa recollida de les seves dades de car\u00e0cter personal es fa amb la finalitat del manteniment de les relacions comercials, prestar els serveis de venda, transport i instal\u00b7laci\u00f3 de materials de construcci\u00f3, complements i serveis derivats d&#8217;ells i transmetre&#8217;t publicitat dels nostres productes i serveis, avisos i ofertes i, en general, informaci\u00f3 de car\u00e0cter comercial que pugui ser del seu inter\u00e8s d\u2019<span style=\"font-weight: bold; font-style: italic;\">INFOM KIT LPS S.L.<\/span><\/p>\n<p><\/p>\n<p>L&#8217;informem, aix\u00ed mateix, que el nostre lloc web fa \u00fas de cookies. Podeu obtenir m\u00e9s informaci\u00f3 al respecte en la nostra\u00a0<a style=\"font-size:110%; font-weight: bold; href=\"\/politica-cookies\/\">Pol\u00edtica de cookies<\/a>. Si voleu consultar m\u00e9s informaci\u00f3 sobre qu\u00e8 s\u00f3n las cookies, qu\u00e8 emmagatzemen, com eliminar-les, desactivar-les, etc.,\u00a0<a style=\"font-size:110%; font-weight: bold; href=\"\/info-cookies\/\">li preguem que s&#8217;adreci a aquest enlla\u00e7<\/a>.<\/p>\n<p><\/p>\n<p><span style=\"font-weight: bold; font-style: italic;\">INFOM KIT LPS S.L.<\/span>\u00a0es compromet a tractar d&#8217;una manera absolutament confidencial les seves dades de car\u00e0cter personal i a utilitzar-les nom\u00e9s per a les finalitats indicades.<br \/>\nL&#8217;informem que\u00a0<span style=\"font-weight: bold; font-style: italic;\">INFOM KIT LPS S.L.<\/span>\u00a0ha adoptat les mesures legalment exigides de seguretat a les seves instal\u00b7lacions, sistemes i fitxers exigides pel Reglament de desenvolupament de la LOPD, aprovat per Reial Decret 1720\/2007, de 21 de desembre. Aix\u00ed mateix, el responsable del fitxer garanteix la confidencialitat de les dades personals, encara que revelar\u00e0 a les autoritats p\u00fabliques competents les dades personals i qualsevol altra informaci\u00f3 que estigui en el seu poder o sigui accessible a trav\u00e9s dels seus sistemes i sigui requerida de conformitat amb les disposicions legals i reglament\u00e0ries aplicables.<br \/>\nEl titular de les dades respon, en qualsevol cas, de la veracitat, exactitud, vig\u00e8ncia, autenticitat i pertin\u00e8ncia de les dades personals proporcionades.<\/p>\n<p><\/p>\n<p style=\"font-weight: bold; text-align: left; text-decoration: underline; font-size:100%;\">Informaci\u00f3 legal<\/p>\n<p><\/p>\n<p>D&#8217;acord amb el que disposa l&#8217;article 10 de la Llei 34\/2002, de Serveis de la Societat de la Informaci\u00f3 i de Comer\u00e7 Electr\u00f2nic, s&#8217;informa a tots els nostres clients, usuaris i visitants sobre la informaci\u00f3 legal relativa a l&#8217;empresa propiet\u00e0ria del lloc web ubicat a l&#8217;adre\u00e7a d&#8217;Internet:<\/p>\n<p style=\"text-align: center; font-size:120%; font-weight: bold;\"><a href=\"http:\/\/monempresarial.com\">monempresarial.com<\/a><\/p>\n<p><\/p>\n<p>\n\t\t<span style=\"font-weight: bold;\">Ra\u00f3 Social:\u00a0<\/span><span style=\"font-style: italic;\">INFOM KIT LPS S.L.<\/span><br \/>\n\t\t<span style=\"font-weight: bold;\">Comercial: <\/span><span style=\"font-style: italic;\">Komunica Kit, M\u00f3n Editorial<\/span><br \/>\n\t\t<span style=\"font-weight: bold;\">Adre\u00e7a fiscal:\u00a0<\/span><span style=\"font-style: italic;\">C\/ Tuset 19, 1\u00ba 2\u00aa, 08006, Barcelona<\/span><br \/>\n\t\t<span style=\"font-weight: bold;\">C.I.F. (Codi d&#8217;Identificaci\u00f3 Fiscal):\u00a0<\/span><span style=\"font-style: italic;\">B65946162<\/span><br \/>\n\t\t<span style=\"font-weight: bold;\">Registre:\u00a0<\/span><span style=\"font-style: italic;\">Registre Mercantil de Barcelona el 14 de Gener de 2013, Tom 43550, Foli 136, Fulla 432002, Inscripci\u00f3 1<\/span>\n\t<\/p>\n","protected":false},"excerpt":{"rendered":"<p>Av\u00eds Legal En compliment d &#8216;all\u00f2 que es disposa a l&#8217;article 5 de la Llei Org\u00e0nica 15\/1999, de 13 de desembre, de Protecci\u00f3 de Dades de Car\u00e0cter Personal (LOPD), l&#8217;informem que les dades de car\u00e0cter personal que ens proporcioni omplint el formulari de registre electr\u00f2nic que apareix en aquesta p\u00e0gina es recolliran en sengles fitxers [&hellip;]<\/p>\n","protected":false},"author":1,"featured_media":0,"parent":0,"menu_order":0,"comment_status":"closed","ping_status":"closed","template":"","meta":{"_mi_skip_tracking":false,"jnews_page_loop":[],"jnews_single_page":[]},"_links":{"self":[{"href":"https:\/\/www.monempresarial.com\/ca\/wp-json\/wp\/v2\/pages\/8481"}],"collection":[{"href":"https:\/\/www.monempresarial.com\/ca\/wp-json\/wp\/v2\/pages"}],"about":[{"href":"https:\/\/www.monempresarial.com\/ca\/wp-json\/wp\/v2\/types\/page"}],"author":[{"embeddable":true,"href":"https:\/\/www.monempresarial.com\/ca\/wp-json\/wp\/v2\/users\/1"}],"replies":[{"embeddable":true,"href":"https:\/\/www.monempresarial.com\/ca\/wp-json\/wp\/v2\/comments?post=8481"}],"version-history":[{"count":0,"href":"https:\/\/www.monempresarial.com\/ca\/wp-json\/wp\/v2\/pages\/8481\/revisions"}],"wp:attachment":[{"href":"https:\/\/www.monempresarial.com\/ca\/wp-json\/wp\/v2\/media?parent=8481"}],"curies":[{"name":"wp","href":"https:\/\/api.w.org\/{rel}","templated":true}]}}