{"id":39760,"date":"2022-12-30T20:14:52","date_gmt":"2022-12-30T19:14:52","guid":{"rendered":"https:\/\/www.monempresarial.com\/product\/suscripcion-mundo-empresarial-anual-4-edic\/"},"modified":"2022-12-31T12:25:03","modified_gmt":"2022-12-31T11:25:03","slug":"suscripcio-mundo-empresarial-anual","status":"publish","type":"product","link":"https:\/\/www.monempresarial.com\/ca\/producte\/suscripcio-mundo-empresarial-anual\/","title":{"rendered":"Suscripci\u00f3 Mundo Empresarial anual (4 edic.)"},"content":{"rendered":"<p>Subscripci\u00f3 a la revista Mundo Empresarial, amb lliurament gratu\u00eft a domicili, per un per\u00edode anual que compr\u00e8n 4 edicions.<\/p>\n","protected":false},"excerpt":{"rendered":"<p>Subscripci\u00f3 a la revista Mundo Empresarial, amb lliurament gratu\u00eft a domicili, per un per\u00edode anual que compr\u00e8n 4 edicions.<\/p>\n","protected":false},"featured_media":39809,"template":"","meta":{"_mi_skip_tracking":false},"product_cat":[11149,11160],"product_tag":[],"_links":{"self":[{"href":"https:\/\/www.monempresarial.com\/ca\/wp-json\/wp\/v2\/product\/39760"}],"collection":[{"href":"https:\/\/www.monempresarial.com\/ca\/wp-json\/wp\/v2\/product"}],"about":[{"href":"https:\/\/www.monempresarial.com\/ca\/wp-json\/wp\/v2\/types\/product"}],"wp:featuredmedia":[{"embeddable":true,"href":"https:\/\/www.monempresarial.com\/ca\/wp-json\/wp\/v2\/media\/39809"}],"wp:attachment":[{"href":"https:\/\/www.monempresarial.com\/ca\/wp-json\/wp\/v2\/media?parent=39760"}],"wp:term":[{"taxonomy":"product_cat","embeddable":true,"href":"https:\/\/www.monempresarial.com\/ca\/wp-json\/wp\/v2\/product_cat?post=39760"},{"taxonomy":"product_tag","embeddable":true,"href":"https:\/\/www.monempresarial.com\/ca\/wp-json\/wp\/v2\/product_tag?post=39760"}],"curies":[{"name":"wp","href":"https:\/\/api.w.org\/{rel}","templated":true}]}}