{"id":42731,"date":"2023-09-06T10:42:54","date_gmt":"2023-09-06T08:55:39","guid":{"rendered":"https:\/\/www.monempresarial.com\/?post_type=product&#038;p=42731"},"modified":"2023-09-06T10:55:39","modified_gmt":"2023-09-06T08:55:39","slug":"mundo-empresarial-186","status":"publish","type":"product","link":"https:\/\/www.monempresarial.com\/ca\/producte\/mundo-empresarial-186\/","title":{"rendered":"Mundo Empresarial 186"},"content":{"rendered":"<p><b>Claves estrat\u00e9gicas de la innovaci\u00f3n y transformaci\u00f3n digital<\/b><br \/>\nMonogr\u00e0fic: <b>Innovaci\u00f3n<\/b><\/p>\n","protected":false},"excerpt":{"rendered":"<p><b>Claves estrat\u00e9gicas de la innovaci\u00f3n y transformaci\u00f3n digital<\/b><br \/>\nMonogr\u00e0fic: <b>Innovaci\u00f3n<\/b><\/p>\n","protected":false},"featured_media":42725,"template":"","meta":{"_mi_skip_tracking":false},"product_cat":[11149,11156],"product_tag":[],"_links":{"self":[{"href":"https:\/\/www.monempresarial.com\/ca\/wp-json\/wp\/v2\/product\/42731"}],"collection":[{"href":"https:\/\/www.monempresarial.com\/ca\/wp-json\/wp\/v2\/product"}],"about":[{"href":"https:\/\/www.monempresarial.com\/ca\/wp-json\/wp\/v2\/types\/product"}],"wp:featuredmedia":[{"embeddable":true,"href":"https:\/\/www.monempresarial.com\/ca\/wp-json\/wp\/v2\/media\/42725"}],"wp:attachment":[{"href":"https:\/\/www.monempresarial.com\/ca\/wp-json\/wp\/v2\/media?parent=42731"}],"wp:term":[{"taxonomy":"product_cat","embeddable":true,"href":"https:\/\/www.monempresarial.com\/ca\/wp-json\/wp\/v2\/product_cat?post=42731"},{"taxonomy":"product_tag","embeddable":true,"href":"https:\/\/www.monempresarial.com\/ca\/wp-json\/wp\/v2\/product_tag?post=42731"}],"curies":[{"name":"wp","href":"https:\/\/api.w.org\/{rel}","templated":true}]}}