{"id":42733,"date":"2023-09-06T10:49:27","date_gmt":"2023-09-06T08:53:57","guid":{"rendered":"https:\/\/www.monempresarial.com\/?post_type=product&#038;p=42733"},"modified":"2023-09-06T10:53:57","modified_gmt":"2023-09-06T08:53:57","slug":"mon-empresarial-186","status":"publish","type":"product","link":"https:\/\/www.monempresarial.com\/ca\/producte\/mon-empresarial-186\/","title":{"rendered":"M\u00f3n Empresarial 186"},"content":{"rendered":"<p><b>Claus estrat\u00e8giques de la innovaci\u00f3 i transformaci\u00f3 digital<\/b><br \/>\nMonogr\u00e0fic: <b>Innovaci\u00f3<\/b><\/p>\n","protected":false},"excerpt":{"rendered":"<p><b>Claus estrat\u00e8giques de la innovaci\u00f3 i transformaci\u00f3 digital<\/b><br \/>\nMonogr\u00e0fic: <b>Innovaci\u00f3<\/b><\/p>\n","protected":false},"featured_media":42727,"template":"","meta":{"_mi_skip_tracking":false},"product_cat":[11149,11156],"product_tag":[],"_links":{"self":[{"href":"https:\/\/www.monempresarial.com\/ca\/wp-json\/wp\/v2\/product\/42733"}],"collection":[{"href":"https:\/\/www.monempresarial.com\/ca\/wp-json\/wp\/v2\/product"}],"about":[{"href":"https:\/\/www.monempresarial.com\/ca\/wp-json\/wp\/v2\/types\/product"}],"wp:featuredmedia":[{"embeddable":true,"href":"https:\/\/www.monempresarial.com\/ca\/wp-json\/wp\/v2\/media\/42727"}],"wp:attachment":[{"href":"https:\/\/www.monempresarial.com\/ca\/wp-json\/wp\/v2\/media?parent=42733"}],"wp:term":[{"taxonomy":"product_cat","embeddable":true,"href":"https:\/\/www.monempresarial.com\/ca\/wp-json\/wp\/v2\/product_cat?post=42733"},{"taxonomy":"product_tag","embeddable":true,"href":"https:\/\/www.monempresarial.com\/ca\/wp-json\/wp\/v2\/product_tag?post=42733"}],"curies":[{"name":"wp","href":"https:\/\/api.w.org\/{rel}","templated":true}]}}