{"id":45236,"date":"2025-04-01T22:57:26","date_gmt":"2025-04-01T20:57:26","guid":{"rendered":"https:\/\/www.monempresarial.com\/?post_type=product&#038;p=45236"},"modified":"2025-04-01T23:00:19","modified_gmt":"2025-04-01T21:00:19","slug":"mon-empresarial-191","status":"publish","type":"product","link":"https:\/\/www.monempresarial.com\/ca\/producte\/mon-empresarial-191\/","title":{"rendered":"M\u00f3n Empresarial 191"},"content":{"rendered":"<p><b>La Independ\u00e8ncia Tecnol\u00f2gica<\/b><br \/>\n<em>Estrat\u00e8gies per avan\u00e7ar cap a una autonomia digital i estrat\u00e8gica a Europa<\/em><br \/>\nMonogr\u00e0fic: <b>Tecnologia<\/b><\/p>\n","protected":false},"excerpt":{"rendered":"<p><b>La Independ\u00e8ncia Tecnol\u00f2gica<\/b><br \/>\n<em>Estrat\u00e8gies per avan\u00e7ar cap a una autonomia digital i estrat\u00e8gica a Europa<\/em><br \/>\nMonogr\u00e0fic: <b>Tecnologia<\/b><\/p>\n","protected":false},"featured_media":45231,"template":"","meta":{"_mi_skip_tracking":false},"product_cat":[11149,11156],"product_tag":[],"_links":{"self":[{"href":"https:\/\/www.monempresarial.com\/ca\/wp-json\/wp\/v2\/product\/45236"}],"collection":[{"href":"https:\/\/www.monempresarial.com\/ca\/wp-json\/wp\/v2\/product"}],"about":[{"href":"https:\/\/www.monempresarial.com\/ca\/wp-json\/wp\/v2\/types\/product"}],"wp:featuredmedia":[{"embeddable":true,"href":"https:\/\/www.monempresarial.com\/ca\/wp-json\/wp\/v2\/media\/45231"}],"wp:attachment":[{"href":"https:\/\/www.monempresarial.com\/ca\/wp-json\/wp\/v2\/media?parent=45236"}],"wp:term":[{"taxonomy":"product_cat","embeddable":true,"href":"https:\/\/www.monempresarial.com\/ca\/wp-json\/wp\/v2\/product_cat?post=45236"},{"taxonomy":"product_tag","embeddable":true,"href":"https:\/\/www.monempresarial.com\/ca\/wp-json\/wp\/v2\/product_tag?post=45236"}],"curies":[{"name":"wp","href":"https:\/\/api.w.org\/{rel}","templated":true}]}}